{"id":12,"date":"2025-10-23T00:21:58","date_gmt":"2025-10-23T00:21:58","guid":{"rendered":"https:\/\/promocion.proada.com.ec\/?page_id=12"},"modified":"2025-10-23T02:22:32","modified_gmt":"2025-10-23T02:22:32","slug":"inicio","status":"publish","type":"page","link":"https:\/\/promocion.proada.com.ec\/","title":{"rendered":"Inicio"},"content":{"rendered":"\n\n\t<section class=\"section has-parallax\" id=\"section_1640884948\">\n\t\t<div class=\"section-bg fill\" data-parallax-container=\".section\" data-parallax-background data-parallax=\"-8\">\n\t\t\t<img loading=\"lazy\" decoding=\"async\" width=\"864\" height=\"1184\" src=\"https:\/\/promocion.proada.com.ec\/wp-content\/uploads\/2025\/10\/Gemini_Generated_Image_uah3jouah3jouah3.webp\" class=\"bg attachment- size-\" alt=\"\" \/>\t\t\t\t\t\t<div class=\"section-bg-overlay absolute fill\"><\/div>\n\t\t\t\n\n\t\t<\/div>\n\n\t\t\n\n\t\t<div class=\"section-content relative\">\n\t\t\t\n\n<div class=\"row align-center\"  id=\"row-828026511\">\n\n\n\t<div id=\"col-1208371854\" class=\"col small-12 large-12\"  data-animate=\"fadeInUp\">\n\t\t\t\t<div class=\"col-inner text-center dark\"  >\n\t\t\t\n\t\t\t\n\n\t<div class=\"img has-hover x md-x lg-x y md-y lg-y\" id=\"image_49994151\">\n\t\t\t\t\t\t\t\t<div class=\"img-inner dark\" >\n\t\t\t<img loading=\"lazy\" decoding=\"async\" width=\"600\" height=\"326\" src=\"https:\/\/promocion.proada.com.ec\/wp-content\/uploads\/2025\/10\/Logo-chef-Daniel.svg\" class=\"attachment-large size-large\" alt=\"\" \/>\t\t\t\t\t\t\n\t\t\t\t\t<\/div>\n\t\t\t\t\t\t\t\t\n<style>\n#image_49994151 {\n  width: 57%;\n}\n@media (min-width:550px) {\n  #image_49994151 {\n    width: 25%;\n  }\n}\n<\/style>\n\t<\/div>\n\t\n\n\t<div id=\"text-3679489784\" class=\"text\">\n\t\t\n\n<h3>Tradici\u00f3n que nace del sabor.<\/h3>\n<p>Presentamos con orgullo la primera salsa de ciruela elaborada por la industria en el pa\u00eds, una creaci\u00f3n \u00fanica que celebra lo mejor de nuestra tierra y nuestra creatividad culinaria. Hecha con un gran porcentaje de ciruelas, esta salsa combina lo dulce y lo \u00e1cido en una armon\u00eda perfecta que evocan la cocina ancestral.<\/p>\n<p>Su sabor profundo la convierte en el acompa\u00f1ante ideal para carnes, quesos, panes r\u00fasticos o como base para glaseados y marinadas. M\u00e1s que una salsa, es el inicio de una nueva tradici\u00f3n gastron\u00f3mica\u00a0nacional.<\/p>\n\t\t\n<style>\n#text-3679489784 {\n  font-size: 1.35rem;\n  text-align: center;\n}\n@media (min-width:550px) {\n  #text-3679489784 {\n    font-size: 1.2rem;\n  }\n}\n<\/style>\n\t<\/div>\n\t\n\n\t\t<\/div>\n\t\t\t\t\t<\/div>\n\n\t\n\n\t<div id=\"col-484629031\" class=\"col medium-6 small-12 large-6\"  data-animate=\"fadeInUp\">\n\t\t\t\t<div class=\"col-inner\"  >\n\t\t\t\n\t\t\t\n\n\n\n<div class=\"video-responsive\">\n  <video controls playsinline>\n    <source src=\"https:\/\/promocion.proada.com.ec\/wp-content\/uploads\/2025\/10\/Ciruela-2.mp4\" type=\"video\/mp4\">\n    Tu navegador no soporta la reproducci\u00f3n de video.\n  <\/video>\n<\/div>\n\n\n\t\t<\/div>\n\t\t\t\t\t<\/div>\n\n\t\n\n\t<div id=\"col-1367797753\" class=\"col medium-6 small-12 large-6\"  data-animate=\"fadeInUp\">\n\t\t\t\t<div class=\"col-inner\"  >\n\t\t\t\n\t\t\t\n\n\n\n<div class=\"video-responsive\">\n  <video controls playsinline>\n    <source src=\"https:\/\/promocion.proada.com.ec\/wp-content\/uploads\/2025\/10\/Ciruela1.mp4\" type=\"video\/mp4\">\n    Tu navegador no soporta la reproducci\u00f3n de video.\n  <\/video>\n<\/div>\n\n\n\t\t<\/div>\n\t\t\t\t\t<\/div>\n\n\t\n\n\t<div id=\"col-2061090995\" class=\"col small-12 large-12\"  data-animate=\"fadeInLeft\">\n\t\t\t\t<div class=\"col-inner dark\"  >\n\t\t\t\n\t\t\t\n\n\t<div id=\"text-214462961\" class=\"text\">\n\t\t\n\n<h2 class=\"uppercase\">Encu\u00e9ntranos en<\/h2>\n\t\t\n<style>\n#text-214462961 {\n  font-size: 1.35rem;\n  text-align: center;\n}\n@media (min-width:550px) {\n  #text-214462961 {\n    font-size: 1.7rem;\n  }\n}\n<\/style>\n\t<\/div>\n\t\n\n\t\t<\/div>\n\t\t\t\t\t<\/div>\n\n\t\n\n\t<div id=\"col-698182578\" class=\"col small-12 large-12\"  >\n\t\t\t\t<div class=\"col-inner dark\"  >\n\t\t\t\n\t\t\t\n\n\n  \n    <div class=\"row large-columns-5 medium-columns-3 small-columns-2\" >\n  <div class=\"gallery-col col\" data-animate=\"fadeInLeft\">\n          <div class=\"col-inner\">\n            <a class=\"image-lightbox lightbox-gallery\" href=\"https:\/\/promocion.proada.com.ec\/wp-content\/uploads\/2025\/10\/logos-chef-Daniel-1024x1024.png\" title=\"\">            <div class=\"box has-hover gallery-box box-none\">\n              <div class=\"box-image image-zoom\" >\n                <img loading=\"lazy\" decoding=\"async\" width=\"300\" height=\"300\" src=\"https:\/\/promocion.proada.com.ec\/wp-content\/uploads\/2025\/10\/logos-chef-Daniel-300x300.png\" class=\"attachment-medium size-medium\" alt=\"\" ids=\"39,43,40,41,42\" style=\"none\" columns=\"5\" animate=\"fadeInLeft\" image_hover=\"zoom\" srcset=\"https:\/\/promocion.proada.com.ec\/wp-content\/uploads\/2025\/10\/logos-chef-Daniel-300x300.png 300w, https:\/\/promocion.proada.com.ec\/wp-content\/uploads\/2025\/10\/logos-chef-Daniel-1024x1024.png 1024w, https:\/\/promocion.proada.com.ec\/wp-content\/uploads\/2025\/10\/logos-chef-Daniel-150x150.png 150w, https:\/\/promocion.proada.com.ec\/wp-content\/uploads\/2025\/10\/logos-chef-Daniel-768x768.png 768w, https:\/\/promocion.proada.com.ec\/wp-content\/uploads\/2025\/10\/logos-chef-Daniel.png 1200w\" sizes=\"auto, (max-width: 300px) 100vw, 300px\" \/>                                                              <\/div>\n              <div class=\"box-text text-left\" >\n                 <p><\/p>\n              <\/div>\n            <\/div>\n            <\/a>          <\/div>\n         <\/div><div class=\"gallery-col col\" data-animate=\"fadeInLeft\">\n          <div class=\"col-inner\">\n            <a class=\"image-lightbox lightbox-gallery\" href=\"https:\/\/promocion.proada.com.ec\/wp-content\/uploads\/2025\/10\/logos_1-chef-Daniel-1024x1024.png\" title=\"\">            <div class=\"box has-hover gallery-box box-none\">\n              <div class=\"box-image image-zoom\" >\n                <img loading=\"lazy\" decoding=\"async\" width=\"300\" height=\"300\" src=\"https:\/\/promocion.proada.com.ec\/wp-content\/uploads\/2025\/10\/logos_1-chef-Daniel-300x300.png\" class=\"attachment-medium size-medium\" alt=\"\" ids=\"39,43,40,41,42\" style=\"none\" columns=\"5\" animate=\"fadeInLeft\" image_hover=\"zoom\" srcset=\"https:\/\/promocion.proada.com.ec\/wp-content\/uploads\/2025\/10\/logos_1-chef-Daniel-300x300.png 300w, https:\/\/promocion.proada.com.ec\/wp-content\/uploads\/2025\/10\/logos_1-chef-Daniel-1024x1024.png 1024w, https:\/\/promocion.proada.com.ec\/wp-content\/uploads\/2025\/10\/logos_1-chef-Daniel-150x150.png 150w, https:\/\/promocion.proada.com.ec\/wp-content\/uploads\/2025\/10\/logos_1-chef-Daniel-768x768.png 768w, https:\/\/promocion.proada.com.ec\/wp-content\/uploads\/2025\/10\/logos_1-chef-Daniel.png 1200w\" sizes=\"auto, (max-width: 300px) 100vw, 300px\" \/>                                                              <\/div>\n              <div class=\"box-text text-left\" >\n                 <p><\/p>\n              <\/div>\n            <\/div>\n            <\/a>          <\/div>\n         <\/div><div class=\"gallery-col col\" data-animate=\"fadeInLeft\">\n          <div class=\"col-inner\">\n            <a class=\"image-lightbox lightbox-gallery\" href=\"https:\/\/promocion.proada.com.ec\/wp-content\/uploads\/2025\/10\/logos_2-chef-Daniel-1024x1024.png\" title=\"\">            <div class=\"box has-hover gallery-box box-none\">\n              <div class=\"box-image image-zoom\" >\n                <img loading=\"lazy\" decoding=\"async\" width=\"300\" height=\"300\" src=\"https:\/\/promocion.proada.com.ec\/wp-content\/uploads\/2025\/10\/logos_2-chef-Daniel-300x300.png\" class=\"attachment-medium size-medium\" alt=\"\" ids=\"39,43,40,41,42\" style=\"none\" columns=\"5\" animate=\"fadeInLeft\" image_hover=\"zoom\" srcset=\"https:\/\/promocion.proada.com.ec\/wp-content\/uploads\/2025\/10\/logos_2-chef-Daniel-300x300.png 300w, https:\/\/promocion.proada.com.ec\/wp-content\/uploads\/2025\/10\/logos_2-chef-Daniel-1024x1024.png 1024w, https:\/\/promocion.proada.com.ec\/wp-content\/uploads\/2025\/10\/logos_2-chef-Daniel-150x150.png 150w, https:\/\/promocion.proada.com.ec\/wp-content\/uploads\/2025\/10\/logos_2-chef-Daniel-768x768.png 768w, https:\/\/promocion.proada.com.ec\/wp-content\/uploads\/2025\/10\/logos_2-chef-Daniel.png 1200w\" sizes=\"auto, (max-width: 300px) 100vw, 300px\" \/>                                                              <\/div>\n              <div class=\"box-text text-left\" >\n                 <p><\/p>\n              <\/div>\n            <\/div>\n            <\/a>          <\/div>\n         <\/div><div class=\"gallery-col col\" data-animate=\"fadeInLeft\">\n          <div class=\"col-inner\">\n            <a class=\"image-lightbox lightbox-gallery\" href=\"https:\/\/promocion.proada.com.ec\/wp-content\/uploads\/2025\/10\/logos_3-chef-Daniel-1024x1024.png\" title=\"\">            <div class=\"box has-hover gallery-box box-none\">\n              <div class=\"box-image image-zoom\" >\n                <img loading=\"lazy\" decoding=\"async\" width=\"300\" height=\"300\" src=\"https:\/\/promocion.proada.com.ec\/wp-content\/uploads\/2025\/10\/logos_3-chef-Daniel-300x300.png\" class=\"attachment-medium size-medium\" alt=\"\" ids=\"39,43,40,41,42\" style=\"none\" columns=\"5\" animate=\"fadeInLeft\" image_hover=\"zoom\" srcset=\"https:\/\/promocion.proada.com.ec\/wp-content\/uploads\/2025\/10\/logos_3-chef-Daniel-300x300.png 300w, https:\/\/promocion.proada.com.ec\/wp-content\/uploads\/2025\/10\/logos_3-chef-Daniel-1024x1024.png 1024w, https:\/\/promocion.proada.com.ec\/wp-content\/uploads\/2025\/10\/logos_3-chef-Daniel-150x150.png 150w, https:\/\/promocion.proada.com.ec\/wp-content\/uploads\/2025\/10\/logos_3-chef-Daniel-768x768.png 768w, https:\/\/promocion.proada.com.ec\/wp-content\/uploads\/2025\/10\/logos_3-chef-Daniel.png 1200w\" sizes=\"auto, (max-width: 300px) 100vw, 300px\" \/>                                                              <\/div>\n              <div class=\"box-text text-left\" >\n                 <p><\/p>\n              <\/div>\n            <\/div>\n            <\/a>          <\/div>\n         <\/div><div class=\"gallery-col col\" data-animate=\"fadeInLeft\">\n          <div class=\"col-inner\">\n            <a class=\"image-lightbox lightbox-gallery\" href=\"https:\/\/promocion.proada.com.ec\/wp-content\/uploads\/2025\/10\/logos_4-chef-Daniel-1024x1024.png\" title=\"\">            <div class=\"box has-hover gallery-box box-none\">\n              <div class=\"box-image image-zoom\" >\n                <img loading=\"lazy\" decoding=\"async\" width=\"300\" height=\"300\" src=\"https:\/\/promocion.proada.com.ec\/wp-content\/uploads\/2025\/10\/logos_4-chef-Daniel-300x300.png\" class=\"attachment-medium size-medium\" alt=\"\" ids=\"39,43,40,41,42\" style=\"none\" columns=\"5\" animate=\"fadeInLeft\" image_hover=\"zoom\" srcset=\"https:\/\/promocion.proada.com.ec\/wp-content\/uploads\/2025\/10\/logos_4-chef-Daniel-300x300.png 300w, https:\/\/promocion.proada.com.ec\/wp-content\/uploads\/2025\/10\/logos_4-chef-Daniel-1024x1024.png 1024w, https:\/\/promocion.proada.com.ec\/wp-content\/uploads\/2025\/10\/logos_4-chef-Daniel-150x150.png 150w, https:\/\/promocion.proada.com.ec\/wp-content\/uploads\/2025\/10\/logos_4-chef-Daniel-768x768.png 768w, https:\/\/promocion.proada.com.ec\/wp-content\/uploads\/2025\/10\/logos_4-chef-Daniel.png 1200w\" sizes=\"auto, (max-width: 300px) 100vw, 300px\" \/>                                                              <\/div>\n              <div class=\"box-text text-left\" >\n                 <p><\/p>\n              <\/div>\n            <\/div>\n            <\/a>          <\/div>\n         <\/div><\/div>\n\n\n\t\t<\/div>\n\t\t\t\t\t<\/div>\n\n\t\n\n\t<div id=\"col-985478590\" class=\"col small-12 large-12\"  data-animate=\"fadeInDown\">\n\t\t\t\t<div class=\"col-inner text-center dark\"  >\n\t\t\t\n\t\t\t\n\n\t<div id=\"text-3401457784\" class=\"text\">\n\t\t\n\n<p>Contactos: 099 342 4505 \/ 02 3895446<br \/>servicioalcliente@doblea.com.ec<\/p>\n\t\t\n<style>\n#text-3401457784 {\n  font-size: 1.35rem;\n  text-align: center;\n}\n@media (min-width:550px) {\n  #text-3401457784 {\n    font-size: 1.2rem;\n  }\n}\n<\/style>\n\t<\/div>\n\t\n<div class=\"social-icons follow-icons\" ><a href=\"https:\/\/www.facebook.com\/profile.php?id=61558399718345\" target=\"_blank\" data-label=\"Facebook\" class=\"icon button circle is-outline tooltip facebook\" title=\"Follow on Facebook\" aria-label=\"Follow on Facebook\" rel=\"noopener nofollow\"><i class=\"icon-facebook\" aria-hidden=\"true\"><\/i><\/a><a href=\"https:\/\/www.instagram.com\/Chefdanielecuador\/\" target=\"_blank\" data-label=\"Instagram\" class=\"icon button circle is-outline tooltip instagram\" title=\"Follow on Instagram\" aria-label=\"Follow on Instagram\" rel=\"noopener nofollow\"><i class=\"icon-instagram\" aria-hidden=\"true\"><\/i><\/a><\/div>\n\n\n\t\t<\/div>\n\t\t\t\t\t<\/div>\n\n\t\n\n<\/div>\n\n\t\t<\/div>\n\n\t\t\n<style>\n#section_1640884948 {\n  padding-top: 30px;\n  padding-bottom: 30px;\n}\n#section_1640884948 .section-bg-overlay {\n  background-color: rgba(0,0,0,.5);\n}\n#section_1640884948 .section-bg img {\n  object-position: 3% 44%;\n}\n@media (min-width:550px) {\n  #section_1640884948 .section-bg-overlay {\n    background-color: rgba(0, 0, 0, 0.645);\n  }\n}\n<\/style>\n\t<\/section>\n\t\n\n","protected":false},"excerpt":{"rendered":"","protected":false},"author":1,"featured_media":0,"parent":0,"menu_order":0,"comment_status":"closed","ping_status":"closed","template":"page-blank-landingpage.php","meta":{"_joinchat":[],"footnotes":""},"class_list":["post-12","page","type-page","status-publish","hentry"],"_links":{"self":[{"href":"https:\/\/promocion.proada.com.ec\/index.php\/wp-json\/wp\/v2\/pages\/12","targetHints":{"allow":["GET"]}}],"collection":[{"href":"https:\/\/promocion.proada.com.ec\/index.php\/wp-json\/wp\/v2\/pages"}],"about":[{"href":"https:\/\/promocion.proada.com.ec\/index.php\/wp-json\/wp\/v2\/types\/page"}],"author":[{"embeddable":true,"href":"https:\/\/promocion.proada.com.ec\/index.php\/wp-json\/wp\/v2\/users\/1"}],"replies":[{"embeddable":true,"href":"https:\/\/promocion.proada.com.ec\/index.php\/wp-json\/wp\/v2\/comments?post=12"}],"version-history":[{"count":31,"href":"https:\/\/promocion.proada.com.ec\/index.php\/wp-json\/wp\/v2\/pages\/12\/revisions"}],"predecessor-version":[{"id":62,"href":"https:\/\/promocion.proada.com.ec\/index.php\/wp-json\/wp\/v2\/pages\/12\/revisions\/62"}],"wp:attachment":[{"href":"https:\/\/promocion.proada.com.ec\/index.php\/wp-json\/wp\/v2\/media?parent=12"}],"curies":[{"name":"wp","href":"https:\/\/api.w.org\/{rel}","templated":true}]}}